{"id":615,"date":"2023-09-21T22:52:28","date_gmt":"2023-09-22T04:52:28","guid":{"rendered":"https:\/\/janssencosmeticscostarica.com\/tiendamayorista\/?post_type=product&#038;p=615"},"modified":"2023-09-24T19:53:48","modified_gmt":"2023-09-25T01:53:48","slug":"82632-retinol-lift-serum","status":"publish","type":"product","link":"https:\/\/janssencosmeticscostarica.com\/tiendamayorista\/product\/82632-retinol-lift-serum\/","title":{"rendered":"82632 Retinol Lift Serum"},"content":{"rendered":"","protected":false},"excerpt":{"rendered":"<p><strong>S\u00e9rum regenerador y reafirmante.\u00a0<\/strong><\/p>\n<p>Retinol Lift Serum es un s\u00e9rum regenerador antiarrugas que combina el Retinol con la niacinamida, el \u00e1cido hialur\u00f3nico y otros ingredientes altamente eficaces para reducir la aparici\u00f3n de arrugas, l\u00edneas de expresi\u00f3n y los da\u00f1os cut\u00e1neos que provoca la luz solar, logrando una tez uniforme, juvenil y de tacto aterciopelado.<\/p>\n<p>El Retinol es uno de los ingredientes antienvejecimiento m\u00e1s investigados. Estimula la s\u00edntesis de col\u00e1geno y elimina las peque\u00f1as arrugas. A largo plazo, reduce la aparici\u00f3n de manchas causadas por la edad y la hiperpigmentaci\u00f3n. La encapsulaci\u00f3n en liposomas de este ingrediente activo permite que llegue a las capas cut\u00e1neas m\u00e1s profundas y, de esta manera, mejora su biodisponibilidad en la piel.<\/p>\n<p>La niacinamida complementa el potente Retinol de manera ideal, ya que tiene un efecto similar. Adem\u00e1s, la niacinamida mejora la funci\u00f3n de barrera natural de la piel y asegura que la f\u00f3rmula tenga una alta tolerancia. El valioso aceite de espino amarillo protege la piel contra los radicales libres, mientras que el pululano la reafirma. Por \u00faltimo, pero no menos importante, este s\u00e9rum antiedad destaca por la eficacia del \u00e1cido hialur\u00f3nico y los valiosos l\u00edpidos nutritivos, como el aceite de nuez de macadamia y la manteca de karit\u00e9.<\/p>\n","protected":false},"featured_media":779,"template":"","meta":{"bgseo_title":"","bgseo_description":"","bgseo_robots_index":"index","bgseo_robots_follow":"follow"},"product_brand":[],"product_cat":[24],"product_tag":[],"class_list":{"0":"post-615","1":"product","2":"type-product","3":"status-publish","4":"has-post-thumbnail","6":"product_cat-todo-tipo-de-piel","8":"first","9":"instock","10":"shipping-taxable","11":"product-type-simple"},"jetpack_sharing_enabled":true,"_links":{"self":[{"href":"https:\/\/janssencosmeticscostarica.com\/tiendamayorista\/wp-json\/wp\/v2\/product\/615","targetHints":{"allow":["GET"]}}],"collection":[{"href":"https:\/\/janssencosmeticscostarica.com\/tiendamayorista\/wp-json\/wp\/v2\/product"}],"about":[{"href":"https:\/\/janssencosmeticscostarica.com\/tiendamayorista\/wp-json\/wp\/v2\/types\/product"}],"wp:featuredmedia":[{"embeddable":true,"href":"https:\/\/janssencosmeticscostarica.com\/tiendamayorista\/wp-json\/wp\/v2\/media\/779"}],"wp:attachment":[{"href":"https:\/\/janssencosmeticscostarica.com\/tiendamayorista\/wp-json\/wp\/v2\/media?parent=615"}],"wp:term":[{"taxonomy":"product_brand","embeddable":true,"href":"https:\/\/janssencosmeticscostarica.com\/tiendamayorista\/wp-json\/wp\/v2\/product_brand?post=615"},{"taxonomy":"product_cat","embeddable":true,"href":"https:\/\/janssencosmeticscostarica.com\/tiendamayorista\/wp-json\/wp\/v2\/product_cat?post=615"},{"taxonomy":"product_tag","embeddable":true,"href":"https:\/\/janssencosmeticscostarica.com\/tiendamayorista\/wp-json\/wp\/v2\/product_tag?post=615"}],"curies":[{"name":"wp","href":"https:\/\/api.w.org\/{rel}","templated":true}]}}