{"id":608,"date":"2023-09-21T22:38:48","date_gmt":"2023-09-22T04:38:48","guid":{"rendered":"https:\/\/janssencosmeticscostarica.com\/tiendamayorista\/?post_type=product&#038;p=608"},"modified":"2023-09-24T19:56:40","modified_gmt":"2023-09-25T01:56:40","slug":"2630-sensational-glow-cream","status":"publish","type":"product","link":"https:\/\/janssencosmeticscostarica.com\/tiendamayorista\/product\/2630-sensational-glow-cream\/","title":{"rendered":"2630 Sensational Glow Cream"},"content":{"rendered":"","protected":false},"excerpt":{"rendered":"<h5><strong>CUIDADO 24 H PARA DOTAR A LA PIEL DE UNA LUMINOSIDAD DURADERA.<\/strong><\/h5>\n<p>Sensational Glow Cream, la nueva crema de la l\u00ednea Trend, es un producto innovador de cuidado 24 h cuya aplicaci\u00f3n regular confiere a la piel una luminosidad y frescura natural, juvenil, y duradera. La f\u00f3rmula de esta crema hidratante intensiva contiene \u00e1cido hialur\u00f3nico doble y pigmentos Soft Focus para embellecer la apariencia de la piel de forma inmediata. Un fermento de algas mejora la vitalidad de la piel a largo plazo, optimizando el proceso de diferenciaci\u00f3n de las c\u00e9lulas de las capas superiores. As\u00ed se crea una estructura uniforme, la base ideal del efecto luminoso. La actividad de las gl\u00e1ndulas seb\u00e1ceas se reduce mediante un extracto de corteza para que los brillos de las zonas grasas remitan y los poros se afinen. De este modo se consigue un cutis luminoso sin brillos. La crema tambi\u00e9n se distingue por su textura suave y los ingredientes de efecto bals\u00e1mico como aloe vera, alanto\u00edna y niacinamida.<\/p>\n<p>Sensational Glow Cream se integra perfectamente en la fase final de cualquier tratamiento. La luminosidad natural se puede intensificar con Magic Glow Serum<\/p>\n","protected":false},"featured_media":780,"template":"","meta":{"bgseo_title":"","bgseo_description":"","bgseo_robots_index":"index","bgseo_robots_follow":"follow"},"product_brand":[],"product_cat":[24],"product_tag":[],"class_list":{"0":"post-608","1":"product","2":"type-product","3":"status-publish","4":"has-post-thumbnail","6":"product_cat-todo-tipo-de-piel","8":"first","9":"instock","10":"shipping-taxable","11":"product-type-simple"},"jetpack_sharing_enabled":true,"_links":{"self":[{"href":"https:\/\/janssencosmeticscostarica.com\/tiendamayorista\/wp-json\/wp\/v2\/product\/608","targetHints":{"allow":["GET"]}}],"collection":[{"href":"https:\/\/janssencosmeticscostarica.com\/tiendamayorista\/wp-json\/wp\/v2\/product"}],"about":[{"href":"https:\/\/janssencosmeticscostarica.com\/tiendamayorista\/wp-json\/wp\/v2\/types\/product"}],"wp:featuredmedia":[{"embeddable":true,"href":"https:\/\/janssencosmeticscostarica.com\/tiendamayorista\/wp-json\/wp\/v2\/media\/780"}],"wp:attachment":[{"href":"https:\/\/janssencosmeticscostarica.com\/tiendamayorista\/wp-json\/wp\/v2\/media?parent=608"}],"wp:term":[{"taxonomy":"product_brand","embeddable":true,"href":"https:\/\/janssencosmeticscostarica.com\/tiendamayorista\/wp-json\/wp\/v2\/product_brand?post=608"},{"taxonomy":"product_cat","embeddable":true,"href":"https:\/\/janssencosmeticscostarica.com\/tiendamayorista\/wp-json\/wp\/v2\/product_cat?post=608"},{"taxonomy":"product_tag","embeddable":true,"href":"https:\/\/janssencosmeticscostarica.com\/tiendamayorista\/wp-json\/wp\/v2\/product_tag?post=608"}],"curies":[{"name":"wp","href":"https:\/\/api.w.org\/{rel}","templated":true}]}}