{"id":600,"date":"2023-09-21T22:27:19","date_gmt":"2023-09-22T04:27:19","guid":{"rendered":"https:\/\/janssencosmeticscostarica.com\/tiendamayorista\/?post_type=product&#038;p=600"},"modified":"2023-09-21T22:27:19","modified_gmt":"2023-09-22T04:27:19","slug":"2400-scar-cream-2","status":"publish","type":"product","link":"https:\/\/janssencosmeticscostarica.com\/tiendamayorista\/product\/2400-scar-cream-2\/","title":{"rendered":"2400 Scar Cream"},"content":{"rendered":"","protected":false},"excerpt":{"rendered":"<h5><strong>Crema cicatrizante herbal.<\/strong><\/h5>\n<p>Esta f\u00f3rmula herbal, tratara las lesiones superficiales de la piel. Estas cicatrices pueden aparecer despu\u00e9s de un acaecido da\u00f1o en la piel, por ejemplo, el acn\u00e9. El tejido de cicatriz es un reemplazo del tejido conjuntivo para cerrar la herida en la piel. El tejido de cicatriz es diferente en textura y constituci\u00f3n que la piel alrededor: el tejido de cicatriz tiene menos fibras el\u00e1sticas (col\u00e1geno) que lleva al encogimiento y endurecimiento del tejido. La cicatriz puede ser presentar depresiones cuando la herida no sana de manera correcta. A menudo, el desarrollo de fibras del tejido conjuntivo no es suficiente. Aparece una cicatriz en una capa profunda, que tiene una menor circulaci\u00f3n sangu\u00ednea y menos fluido en los tejidos. Para apoyo, es recomendable aplicar Scar Cream despu\u00e9s del proceso de sanaci\u00f3n en la cicatriz para mantener el \u00e1rea suave.<\/p>\n<p>Scar Cream es una placentera ayuda las 24 horas del d\u00eda con una sensaci\u00f3n refrescante y puede ser aplicada tanto como sea necesario.<\/p>\n<p>Nota: Evite la exposici\u00f3n al sol, sauna y temperaturas a temperaturas fr\u00edas mientras se activa el proceso curativo para que la cicatriz se adapte a una textura similar a la del tejido saludable<\/p>\n","protected":false},"featured_media":601,"template":"","meta":{"bgseo_title":"","bgseo_description":"","bgseo_robots_index":"index","bgseo_robots_follow":"follow"},"product_brand":[],"product_cat":[24],"product_tag":[],"class_list":{"0":"post-600","1":"product","2":"type-product","3":"status-publish","4":"has-post-thumbnail","6":"product_cat-todo-tipo-de-piel","8":"first","9":"instock","10":"shipping-taxable","11":"product-type-simple"},"jetpack_sharing_enabled":true,"_links":{"self":[{"href":"https:\/\/janssencosmeticscostarica.com\/tiendamayorista\/wp-json\/wp\/v2\/product\/600","targetHints":{"allow":["GET"]}}],"collection":[{"href":"https:\/\/janssencosmeticscostarica.com\/tiendamayorista\/wp-json\/wp\/v2\/product"}],"about":[{"href":"https:\/\/janssencosmeticscostarica.com\/tiendamayorista\/wp-json\/wp\/v2\/types\/product"}],"wp:featuredmedia":[{"embeddable":true,"href":"https:\/\/janssencosmeticscostarica.com\/tiendamayorista\/wp-json\/wp\/v2\/media\/601"}],"wp:attachment":[{"href":"https:\/\/janssencosmeticscostarica.com\/tiendamayorista\/wp-json\/wp\/v2\/media?parent=600"}],"wp:term":[{"taxonomy":"product_brand","embeddable":true,"href":"https:\/\/janssencosmeticscostarica.com\/tiendamayorista\/wp-json\/wp\/v2\/product_brand?post=600"},{"taxonomy":"product_cat","embeddable":true,"href":"https:\/\/janssencosmeticscostarica.com\/tiendamayorista\/wp-json\/wp\/v2\/product_cat?post=600"},{"taxonomy":"product_tag","embeddable":true,"href":"https:\/\/janssencosmeticscostarica.com\/tiendamayorista\/wp-json\/wp\/v2\/product_tag?post=600"}],"curies":[{"name":"wp","href":"https:\/\/api.w.org\/{rel}","templated":true}]}}