{"id":598,"date":"2023-09-21T22:23:48","date_gmt":"2023-09-22T04:23:48","guid":{"rendered":"https:\/\/janssencosmeticscostarica.com\/tiendamayorista\/?post_type=product&#038;p=598"},"modified":"2023-09-21T22:23:48","modified_gmt":"2023-09-22T04:23:48","slug":"2300-skin-resurfacing-balm-2","status":"publish","type":"product","link":"https:\/\/janssencosmeticscostarica.com\/tiendamayorista\/product\/2300-skin-resurfacing-balm-2\/","title":{"rendered":"2300 Skin Resurfacing Balm"},"content":{"rendered":"","protected":false},"excerpt":{"rendered":"<h5><strong>Crema calmante herbal<\/strong><\/h5>\n<p>Las t\u00e9cnicas de resurgimiento cut\u00e1neo, por ejemplo, un alto porcentaje de los peelings, fototerapia, microdermoabrasi\u00f3n y tratamientos de laser se beneficiaran con la aplicaci\u00f3n de Skin Resurfacing Balm cuando el proceso inicial de curaci\u00f3n haya sido completado.Despu\u00e9s de la micro-dermoabrasi\u00f3n, fototerapia y los peelings<em>, <\/em>el producto se puede aplicar como protecci\u00f3n inmediatamente y sin esperar como apoyo en casa, mientras que despu\u00e9s del tratamiento de l\u00e1ser la piel debe sanar por varios d\u00edas. Seg\u00fan el consejo del m\u00e9dico, Skin Resurfacing Balm puede aplicarse tan pronto como el proceso curativo termine.<\/p>\n<p>La crema suave y de penetraci\u00f3n r\u00e1pida brinda una sensaci\u00f3n refrescante y placentera para la piel irritada. Es un apoyo perfecto las 24 horas del d\u00eda para el cuidado de la piel.\u00a0Skin Resurfacing Balm. Formulaci\u00f3n especial para las necesidades de la piel resurgida.<\/p>\n","protected":false},"featured_media":599,"template":"","meta":{"bgseo_title":"","bgseo_description":"","bgseo_robots_index":"index","bgseo_robots_follow":"follow"},"product_brand":[],"product_cat":[24],"product_tag":[],"class_list":{"0":"post-598","1":"product","2":"type-product","3":"status-publish","4":"has-post-thumbnail","6":"product_cat-todo-tipo-de-piel","8":"first","9":"instock","10":"shipping-taxable","11":"product-type-simple"},"jetpack_sharing_enabled":true,"_links":{"self":[{"href":"https:\/\/janssencosmeticscostarica.com\/tiendamayorista\/wp-json\/wp\/v2\/product\/598","targetHints":{"allow":["GET"]}}],"collection":[{"href":"https:\/\/janssencosmeticscostarica.com\/tiendamayorista\/wp-json\/wp\/v2\/product"}],"about":[{"href":"https:\/\/janssencosmeticscostarica.com\/tiendamayorista\/wp-json\/wp\/v2\/types\/product"}],"wp:featuredmedia":[{"embeddable":true,"href":"https:\/\/janssencosmeticscostarica.com\/tiendamayorista\/wp-json\/wp\/v2\/media\/599"}],"wp:attachment":[{"href":"https:\/\/janssencosmeticscostarica.com\/tiendamayorista\/wp-json\/wp\/v2\/media?parent=598"}],"wp:term":[{"taxonomy":"product_brand","embeddable":true,"href":"https:\/\/janssencosmeticscostarica.com\/tiendamayorista\/wp-json\/wp\/v2\/product_brand?post=598"},{"taxonomy":"product_cat","embeddable":true,"href":"https:\/\/janssencosmeticscostarica.com\/tiendamayorista\/wp-json\/wp\/v2\/product_cat?post=598"},{"taxonomy":"product_tag","embeddable":true,"href":"https:\/\/janssencosmeticscostarica.com\/tiendamayorista\/wp-json\/wp\/v2\/product_tag?post=598"}],"curies":[{"name":"wp","href":"https:\/\/api.w.org\/{rel}","templated":true}]}}