{"id":596,"date":"2023-09-21T22:20:11","date_gmt":"2023-09-22T04:20:11","guid":{"rendered":"https:\/\/janssencosmeticscostarica.com\/tiendamayorista\/?post_type=product&#038;p=596"},"modified":"2023-09-21T22:20:12","modified_gmt":"2023-09-22T04:20:12","slug":"2832p-face-guard-advanced","status":"publish","type":"product","link":"https:\/\/janssencosmeticscostarica.com\/tiendamayorista\/product\/2832p-face-guard-advanced\/","title":{"rendered":"2832P Face Guard Advanced"},"content":{"rendered":"","protected":false},"excerpt":{"rendered":"<h5><strong>S\u00e9rum protector con spf 30 y protecci\u00f3n ir.<\/strong><\/h5>\n<p>Face Guard Advanced con SPF 30 es un concentrado de protecci\u00f3n ligera con SPF 30 que puede utilizarse como complemento de cualquier tratamiento individual de d\u00eda. Su f\u00f3rmula extraligera protege la piel de las radiaciones UV-A, UV-B, IR-A y de la luz azul, contrarrestando el envejecimiento de la piel inducido por la luz y el medio ambiente.<\/p>\n<p>Un sistema de filtros fotoestables de banda ancha protege eficazmente la piel de la radiaci\u00f3n UV-A y UV-B, proporcionando un alto nivel de protecci\u00f3n contra las quemaduras solares, las arrugas y las manchas de pigmentaci\u00f3n inducidas por el sol.\u00a0 El fermento Thermus Thermophilus que contiene apoya la lucha contra el envejecimiento prematuro de la piel protegi\u00e9ndola de los da\u00f1os inducidos por la radiaci\u00f3n infrarroja. Adem\u00e1s, la Ectoin\u00ae proporciona una protecci\u00f3n natural de la piel contra los factores de estr\u00e9s modernos, como la luz azul emitida por las pantallas y la creciente contaminaci\u00f3n ambiental. El \u00e1cido hialur\u00f3nico de cadena corta y larga proporciona una hidrataci\u00f3n intensa y mantiene la sensaci\u00f3n de confort en la piel.<\/p>\n<p>La emulsi\u00f3n ligera es adecuada para todo tipo de pieles y puede combinarse con cualquier producto de cuidado diurno. Esto convierte cualquier cuidado en una protecci\u00f3n fiable contra la radiaci\u00f3n UV y el estr\u00e9s ambiental, si es necesario.<\/p>\n","protected":false},"featured_media":597,"template":"","meta":{"bgseo_title":"","bgseo_description":"","bgseo_robots_index":"index","bgseo_robots_follow":"follow"},"product_brand":[],"product_cat":[24],"product_tag":[],"class_list":{"0":"post-596","1":"product","2":"type-product","3":"status-publish","4":"has-post-thumbnail","6":"product_cat-todo-tipo-de-piel","8":"first","9":"instock","10":"shipping-taxable","11":"product-type-simple"},"jetpack_sharing_enabled":true,"_links":{"self":[{"href":"https:\/\/janssencosmeticscostarica.com\/tiendamayorista\/wp-json\/wp\/v2\/product\/596","targetHints":{"allow":["GET"]}}],"collection":[{"href":"https:\/\/janssencosmeticscostarica.com\/tiendamayorista\/wp-json\/wp\/v2\/product"}],"about":[{"href":"https:\/\/janssencosmeticscostarica.com\/tiendamayorista\/wp-json\/wp\/v2\/types\/product"}],"wp:featuredmedia":[{"embeddable":true,"href":"https:\/\/janssencosmeticscostarica.com\/tiendamayorista\/wp-json\/wp\/v2\/media\/597"}],"wp:attachment":[{"href":"https:\/\/janssencosmeticscostarica.com\/tiendamayorista\/wp-json\/wp\/v2\/media?parent=596"}],"wp:term":[{"taxonomy":"product_brand","embeddable":true,"href":"https:\/\/janssencosmeticscostarica.com\/tiendamayorista\/wp-json\/wp\/v2\/product_brand?post=596"},{"taxonomy":"product_cat","embeddable":true,"href":"https:\/\/janssencosmeticscostarica.com\/tiendamayorista\/wp-json\/wp\/v2\/product_cat?post=596"},{"taxonomy":"product_tag","embeddable":true,"href":"https:\/\/janssencosmeticscostarica.com\/tiendamayorista\/wp-json\/wp\/v2\/product_tag?post=596"}],"curies":[{"name":"wp","href":"https:\/\/api.w.org\/{rel}","templated":true}]}}