{"id":582,"date":"2023-09-21T20:13:21","date_gmt":"2023-09-22T02:13:21","guid":{"rendered":"https:\/\/janssencosmeticscostarica.com\/tiendamayorista\/?post_type=product&#038;p=582"},"modified":"2023-09-21T20:13:21","modified_gmt":"2023-09-22T02:13:21","slug":"2610p-marine-collagen-cream","status":"publish","type":"product","link":"https:\/\/janssencosmeticscostarica.com\/tiendamayorista\/product\/2610p-marine-collagen-cream\/","title":{"rendered":"2610P Marine Collagen Cream"},"content":{"rendered":"","protected":false},"excerpt":{"rendered":"<p><strong>Crema antienvejecimiento reafirmante<\/strong><\/p>\n<p>La Marine Collagen Cream con col\u00e1geno marino y potenciadores de col\u00e1geno frena la p\u00e9rdida de firmeza de la piel y minimiza as\u00ed las arrugas. Su f\u00f3rmula enriquecida refuerza de forma triple la producci\u00f3n de col\u00e1geno de la piel y le da un aspecto m\u00e1s joven, terso y firmer.<\/p>\n<ol>\n<li>El col\u00e1geno marino se encarga de crear un efecto lifting visible en la piel. Al aplicarlo, forma una pel\u00edcula invisible sobre la piel que retiene la hidrataci\u00f3n y rellena as\u00ed las l\u00edneas de expresi\u00f3n y las peque\u00f1as arrugas.<\/li>\n<li>El extracto de flor de granada act\u00faa junto con la vitamina C estabilizada para activar la s\u00edntesis de col\u00e1geno natural de la piel y lograr as\u00ed un cutis m\u00e1s denso.<\/li>\n<li>Tanto el extracto de flor de granada como la vitamina C son famosos por sus efectos antioxidantes, gracias a los cuales evitan adem\u00e1s la descomposici\u00f3n de las fibras col\u00e1genas y frenan el envejecimiento prematuro.<\/li>\n<\/ol>\n<p>Adem\u00e1s, el \u00e1cido hialur\u00f3nico de cadena larga dota la piel de una suavidad y elasticidad visibles. El aceite de macadamia mima la piel, dej\u00e1ndola sedosa, y la vitamina E protege las c\u00e9lulas de los radicales libres y de los signos de envejecimiento que causa la luz.<\/p>\n<p>La Marine Collagen Cream tiene una textura suave y se absorbe r\u00e1pidamente. Es ideal como producto final del tratamiento de col\u00e1geno y tambi\u00e9n desde casa como cuidado reafirmante 24 h.<\/p>\n","protected":false},"featured_media":583,"template":"","meta":{"bgseo_title":"","bgseo_description":"","bgseo_robots_index":"index","bgseo_robots_follow":"follow"},"product_brand":[],"product_cat":[24],"product_tag":[],"class_list":{"0":"post-582","1":"product","2":"type-product","3":"status-publish","4":"has-post-thumbnail","6":"product_cat-todo-tipo-de-piel","8":"first","9":"instock","10":"shipping-taxable","11":"product-type-simple"},"jetpack_sharing_enabled":true,"_links":{"self":[{"href":"https:\/\/janssencosmeticscostarica.com\/tiendamayorista\/wp-json\/wp\/v2\/product\/582","targetHints":{"allow":["GET"]}}],"collection":[{"href":"https:\/\/janssencosmeticscostarica.com\/tiendamayorista\/wp-json\/wp\/v2\/product"}],"about":[{"href":"https:\/\/janssencosmeticscostarica.com\/tiendamayorista\/wp-json\/wp\/v2\/types\/product"}],"wp:featuredmedia":[{"embeddable":true,"href":"https:\/\/janssencosmeticscostarica.com\/tiendamayorista\/wp-json\/wp\/v2\/media\/583"}],"wp:attachment":[{"href":"https:\/\/janssencosmeticscostarica.com\/tiendamayorista\/wp-json\/wp\/v2\/media?parent=582"}],"wp:term":[{"taxonomy":"product_brand","embeddable":true,"href":"https:\/\/janssencosmeticscostarica.com\/tiendamayorista\/wp-json\/wp\/v2\/product_brand?post=582"},{"taxonomy":"product_cat","embeddable":true,"href":"https:\/\/janssencosmeticscostarica.com\/tiendamayorista\/wp-json\/wp\/v2\/product_cat?post=582"},{"taxonomy":"product_tag","embeddable":true,"href":"https:\/\/janssencosmeticscostarica.com\/tiendamayorista\/wp-json\/wp\/v2\/product_tag?post=582"}],"curies":[{"name":"wp","href":"https:\/\/api.w.org\/{rel}","templated":true}]}}