{"id":580,"date":"2023-09-21T20:09:39","date_gmt":"2023-09-22T02:09:39","guid":{"rendered":"https:\/\/janssencosmeticscostarica.com\/tiendamayorista\/?post_type=product&#038;p=580"},"modified":"2023-09-21T20:09:40","modified_gmt":"2023-09-22T02:09:40","slug":"2600p-caviar-luxury-cream","status":"publish","type":"product","link":"https:\/\/janssencosmeticscostarica.com\/tiendamayorista\/product\/2600p-caviar-luxury-cream\/","title":{"rendered":"2600P Caviar Luxury Cream"},"content":{"rendered":"","protected":false},"excerpt":{"rendered":"<h5><strong>CUIDADO DE LUJO PARA LA PIEL QUE NECESITAN REGENERACI\u00d3N.<\/strong><\/h5>\n<p>Caviar Luxury Cream es un fabuloso tratamiento intensivo para las pieles que necesitan regeneraci\u00f3n. La f\u00f3rmula de lujo es perfecta para mujeres que solo demandan lo mejor para s\u00ed mismas. Contiene ingredientes activos valiosos que regeneran y dan luminosidad a las pieles estresadas. Gracias a la textura sedosa y la exquisita combinaci\u00f3n de fragancias, hace que todos los sentidos se activen.<\/p>\n<p>El extracto de Caviar es rico en amino\u00e1cidos, l\u00edpidos y vitaminas. Este valioso extracto es un excelente ingrediente anti envejecimiento y tiene un fuerte efecto regenerador. Proporciona hidrataci\u00f3n, reduce las arrugas y reactiva el metabolismo de la piel.<\/p>\n<p>El \u00e1cido hialur\u00f3nico de cadena corta y larga proporciona una hidrataci\u00f3n intensa, suaviza al instante las arrugas causadas por la sequedad y rellena la piel desde el interior.<\/p>\n<p>Un extracto de levadura especial estimula la s\u00edntesis de prote\u00ednas de anclaje (col\u00e1geno tipo IV y VII) en la capa de uni\u00f3n dermoepid\u00e9rmica y, por lo tanto, reduce el volumen y la profundidad de los pliegues cut\u00e1neos.<\/p>\n<p>El resultado: las arrugas se reducen visiblemente y la piel conserva su elasticidad, suavidad y luminosidad.<\/p>\n","protected":false},"featured_media":581,"template":"","meta":{"bgseo_title":"","bgseo_description":"","bgseo_robots_index":"index","bgseo_robots_follow":"follow"},"product_brand":[],"product_cat":[24],"product_tag":[],"class_list":{"0":"post-580","1":"product","2":"type-product","3":"status-publish","4":"has-post-thumbnail","6":"product_cat-todo-tipo-de-piel","8":"first","9":"instock","10":"shipping-taxable","11":"product-type-simple"},"jetpack_sharing_enabled":true,"_links":{"self":[{"href":"https:\/\/janssencosmeticscostarica.com\/tiendamayorista\/wp-json\/wp\/v2\/product\/580","targetHints":{"allow":["GET"]}}],"collection":[{"href":"https:\/\/janssencosmeticscostarica.com\/tiendamayorista\/wp-json\/wp\/v2\/product"}],"about":[{"href":"https:\/\/janssencosmeticscostarica.com\/tiendamayorista\/wp-json\/wp\/v2\/types\/product"}],"wp:featuredmedia":[{"embeddable":true,"href":"https:\/\/janssencosmeticscostarica.com\/tiendamayorista\/wp-json\/wp\/v2\/media\/581"}],"wp:attachment":[{"href":"https:\/\/janssencosmeticscostarica.com\/tiendamayorista\/wp-json\/wp\/v2\/media?parent=580"}],"wp:term":[{"taxonomy":"product_brand","embeddable":true,"href":"https:\/\/janssencosmeticscostarica.com\/tiendamayorista\/wp-json\/wp\/v2\/product_brand?post=580"},{"taxonomy":"product_cat","embeddable":true,"href":"https:\/\/janssencosmeticscostarica.com\/tiendamayorista\/wp-json\/wp\/v2\/product_cat?post=580"},{"taxonomy":"product_tag","embeddable":true,"href":"https:\/\/janssencosmeticscostarica.com\/tiendamayorista\/wp-json\/wp\/v2\/product_tag?post=580"}],"curies":[{"name":"wp","href":"https:\/\/api.w.org\/{rel}","templated":true}]}}