{"id":563,"date":"2023-09-21T19:14:56","date_gmt":"2023-09-22T01:14:56","guid":{"rendered":"https:\/\/janssencosmeticscostarica.com\/tiendamayorista\/?post_type=product&#038;p=563"},"modified":"2023-09-21T19:14:56","modified_gmt":"2023-09-22T01:14:56","slug":"1171-ceramide-protection","status":"publish","type":"product","link":"https:\/\/janssencosmeticscostarica.com\/tiendamayorista\/product\/1171-ceramide-protection\/","title":{"rendered":"1171 Ceramide Protection"},"content":{"rendered":"","protected":false},"excerpt":{"rendered":"<h5><strong>C\u00e1psulas nutritivas con ceramidas y vitamina C.\u00a0\u00a0<\/strong><\/h5>\n<p>Ceramide Protection es un tratamiento intensivo que logra una piel tersa, radiante y uniforme. Este aceite, de textura sedosa y r\u00e1pida absorci\u00f3n, combina ceramidas y provitamina C para mitigar las manchas de la edad, mejorar la estructura de la piel y rejuvenecer su aspecto en general. Gracias a su formato, en c\u00e1psulas monodosis de medida exacta, este producto es especialmente efectivo y f\u00e1cil de utilizar. Adem\u00e1s, el proceso de encapsulaci\u00f3n garantiza que los ingredientes tengan una frescura y una eficacia \u00f3ptimas.<\/p>\n<p>Ceramide Protection contiene unos l\u00edpidos llamados ceramidas, que fijan la humedad y refuerzan la funci\u00f3n de barrera natural de la piel madura y seca, reduciendo la p\u00e9rdida de hidrataci\u00f3n y minimizando as\u00ed la aparici\u00f3n de peque\u00f1as arrugas y l\u00edneas de expresi\u00f3n.<\/p>\n<p>Al mismo tiempo, la provitamina C altamente concentrada logra una piel uniforme, tersa y radiante. Este innovador derivado de la vitamina C es muy estable y se transforma en vitamina C pura al entrar en contacto con la piel, revelando sus numerosas propiedades. El ingrediente favorece la s\u00edntesis de col\u00e1geno e inhibe al mismo tiempo la degradaci\u00f3n de sus fibras. Act\u00faa como un potente antioxidante, ya que neutraliza los radicales libres da\u00f1inos y, de esta manera, evita el envejecimiento prematuro de la piel. Por \u00faltimo, pero no menos importante, la vitamina C reduce la pigmentaci\u00f3n y aumenta la luminosidad de la piel.<\/p>\n<p>Para obtener los mejores resultados, se recomienda utilizar las 30 ampollas seguidas como tratamiento mensual, aunque tambi\u00e9n es posible aplicarlas sueltas en cualquier momento.<\/p>\n","protected":false},"featured_media":564,"template":"","meta":{"bgseo_title":"","bgseo_description":"","bgseo_robots_index":"index","bgseo_robots_follow":"follow"},"product_brand":[],"product_cat":[23],"product_tag":[],"class_list":{"0":"post-563","1":"product","2":"type-product","3":"status-publish","4":"has-post-thumbnail","6":"product_cat-pieles-maduras-linea-anti-edad","8":"first","9":"instock","10":"shipping-taxable","11":"product-type-simple"},"jetpack_sharing_enabled":true,"_links":{"self":[{"href":"https:\/\/janssencosmeticscostarica.com\/tiendamayorista\/wp-json\/wp\/v2\/product\/563","targetHints":{"allow":["GET"]}}],"collection":[{"href":"https:\/\/janssencosmeticscostarica.com\/tiendamayorista\/wp-json\/wp\/v2\/product"}],"about":[{"href":"https:\/\/janssencosmeticscostarica.com\/tiendamayorista\/wp-json\/wp\/v2\/types\/product"}],"wp:featuredmedia":[{"embeddable":true,"href":"https:\/\/janssencosmeticscostarica.com\/tiendamayorista\/wp-json\/wp\/v2\/media\/564"}],"wp:attachment":[{"href":"https:\/\/janssencosmeticscostarica.com\/tiendamayorista\/wp-json\/wp\/v2\/media?parent=563"}],"wp:term":[{"taxonomy":"product_brand","embeddable":true,"href":"https:\/\/janssencosmeticscostarica.com\/tiendamayorista\/wp-json\/wp\/v2\/product_brand?post=563"},{"taxonomy":"product_cat","embeddable":true,"href":"https:\/\/janssencosmeticscostarica.com\/tiendamayorista\/wp-json\/wp\/v2\/product_cat?post=563"},{"taxonomy":"product_tag","embeddable":true,"href":"https:\/\/janssencosmeticscostarica.com\/tiendamayorista\/wp-json\/wp\/v2\/product_tag?post=563"}],"curies":[{"name":"wp","href":"https:\/\/api.w.org\/{rel}","templated":true}]}}