{"id":559,"date":"2023-09-21T19:05:00","date_gmt":"2023-09-22T01:05:00","guid":{"rendered":"https:\/\/janssencosmeticscostarica.com\/tiendamayorista\/?post_type=product&#038;p=559"},"modified":"2023-09-21T19:05:00","modified_gmt":"2023-09-22T01:05:00","slug":"1160p-tri-care-eye-cream","status":"publish","type":"product","link":"https:\/\/janssencosmeticscostarica.com\/tiendamayorista\/product\/1160p-tri-care-eye-cream\/","title":{"rendered":"1160P Tri-Care Eye Cream"},"content":{"rendered":"","protected":false},"excerpt":{"rendered":"<h5><strong>Tratamiento tensor para los ojos con triple efecto.<\/strong><\/h5>\n<p>La piel de alrededor de los ojos es una de las zonas m\u00e1s sensibles de la cara. Aqu\u00ed es donde primero se nota el estr\u00e9s, el cansancio y la edad. Tri-Care Eye Cream, con complejo de regeneraci\u00f3n celular, se ha desarrollado especialmente para las pieles maduras dif\u00edciles. Su rica f\u00f3rmula alisa la dif\u00edcil zona de los ojos y la cuida con una intensa hidrataci\u00f3n.<\/p>\n<p>El complejo de regeneraci\u00f3n celular, abreviado CRC, garantiza una regeneraci\u00f3n completa de la piel madura y refuerza la estructura de la piel. El extracto de tr\u00e9bol rojo reduce las arrugas visibles, tersa la piel y aporta humedad. Kombucha, una sustancia multiactiva de t\u00e9 negro fermentado, mejora el brillo. Las investigaciones m\u00e1s recientes demuestran adem\u00e1s que la kombucha puede simular el desarrollo y el envejecimiento de las c\u00e9lulas adiposas de la piel y, de esta forma, ofrecer un efecto natural lipo-filling.<\/p>\n<p>Al mismo tiempo, la vitamina A palmitato estimula la actividad celular y refuerza el proceso de regeneraci\u00f3n de la piel. El complejo Sensitive mejora la microcirculaci\u00f3n de la piel y combate las ojeras. Los valiosos aceites vegetales compensan la falta de l\u00edpidos. La vitamina E acetato neutraliza los radicales libres nocivos.<\/p>\n<p>El resultado: suaviza la piel madura de la dif\u00edcil zona de los ojos y le aporta elasticidad y m\u00e1s brillo.<\/p>\n","protected":false},"featured_media":560,"template":"","meta":{"bgseo_title":"","bgseo_description":"","bgseo_robots_index":"index","bgseo_robots_follow":"follow"},"product_brand":[],"product_cat":[23],"product_tag":[],"class_list":{"0":"post-559","1":"product","2":"type-product","3":"status-publish","4":"has-post-thumbnail","6":"product_cat-pieles-maduras-linea-anti-edad","8":"first","9":"instock","10":"shipping-taxable","11":"product-type-simple"},"jetpack_sharing_enabled":true,"_links":{"self":[{"href":"https:\/\/janssencosmeticscostarica.com\/tiendamayorista\/wp-json\/wp\/v2\/product\/559","targetHints":{"allow":["GET"]}}],"collection":[{"href":"https:\/\/janssencosmeticscostarica.com\/tiendamayorista\/wp-json\/wp\/v2\/product"}],"about":[{"href":"https:\/\/janssencosmeticscostarica.com\/tiendamayorista\/wp-json\/wp\/v2\/types\/product"}],"wp:featuredmedia":[{"embeddable":true,"href":"https:\/\/janssencosmeticscostarica.com\/tiendamayorista\/wp-json\/wp\/v2\/media\/560"}],"wp:attachment":[{"href":"https:\/\/janssencosmeticscostarica.com\/tiendamayorista\/wp-json\/wp\/v2\/media?parent=559"}],"wp:term":[{"taxonomy":"product_brand","embeddable":true,"href":"https:\/\/janssencosmeticscostarica.com\/tiendamayorista\/wp-json\/wp\/v2\/product_brand?post=559"},{"taxonomy":"product_cat","embeddable":true,"href":"https:\/\/janssencosmeticscostarica.com\/tiendamayorista\/wp-json\/wp\/v2\/product_cat?post=559"},{"taxonomy":"product_tag","embeddable":true,"href":"https:\/\/janssencosmeticscostarica.com\/tiendamayorista\/wp-json\/wp\/v2\/product_tag?post=559"}],"curies":[{"name":"wp","href":"https:\/\/api.w.org\/{rel}","templated":true}]}}