{"id":554,"date":"2023-09-21T18:28:38","date_gmt":"2023-09-22T00:28:38","guid":{"rendered":"https:\/\/janssencosmeticscostarica.com\/tiendamayorista\/?post_type=product&#038;p=554"},"modified":"2023-09-21T18:28:38","modified_gmt":"2023-09-22T00:28:38","slug":"1110p-perfect-lift-cream","status":"publish","type":"product","link":"https:\/\/janssencosmeticscostarica.com\/tiendamayorista\/product\/1110p-perfect-lift-cream\/","title":{"rendered":"1110P Perfect Lift Cream"},"content":{"rendered":"","protected":false},"excerpt":{"rendered":"<h5><strong>Tratamiento lifting anti-edad<\/strong> .<\/h5>\n<p>Perfect Lift Cream con complejo de regeneraci\u00f3n simular es el tratamiento perfecto para el rostro y mejora la elasticidad y aporta frescura.<\/p>\n<p>Las potentes sustancias activas del complejo de regeneraci\u00f3n celular, abreviado CRC, garantizan una regeneraci\u00f3n completa de la piel madura y refuerzan la estructura de la piel. El extracto de tr\u00e9bol rojo reduce las arrugas visibles, tersa la piel y aporta humedad. Kombucha, una sustancia multiactiva de t\u00e9 negro fermentado, mejora el brillo. Las investigaciones m\u00e1s recientes demuestran adem\u00e1s que la kombucha puede simular el desarrollo y el envejecimiento de las c\u00e9lulas adiposas de la piel y, de esta forma, ofrecer un efecto natural lipo-filling.<\/p>\n<p>Al mismo tiempo, los \u00e1cidos hialur\u00f3nicos de cadena larga y corta aportan una intensa humedad y otorgan inmediatamente a la tez un aspecto m\u00e1s terso. La vitamina A palmitato ayuda al proceso de regeneraci\u00f3n natural de la piel y repara los peque\u00f1os da\u00f1os que provoca, por ejemplo, la radiaci\u00f3n UV.<\/p>\n<p>El resultado: la piel adquiere un aspecto m\u00e1s fresco y parece m\u00e1s tersa y lisa, es decir, m\u00e1s joven.<\/p>\n","protected":false},"featured_media":555,"template":"","meta":{"bgseo_title":"","bgseo_description":"","bgseo_robots_index":"index","bgseo_robots_follow":"follow"},"product_brand":[],"product_cat":[23],"product_tag":[],"class_list":{"0":"post-554","1":"product","2":"type-product","3":"status-publish","4":"has-post-thumbnail","6":"product_cat-pieles-maduras-linea-anti-edad","8":"first","9":"instock","10":"shipping-taxable","11":"product-type-simple"},"jetpack_sharing_enabled":true,"_links":{"self":[{"href":"https:\/\/janssencosmeticscostarica.com\/tiendamayorista\/wp-json\/wp\/v2\/product\/554","targetHints":{"allow":["GET"]}}],"collection":[{"href":"https:\/\/janssencosmeticscostarica.com\/tiendamayorista\/wp-json\/wp\/v2\/product"}],"about":[{"href":"https:\/\/janssencosmeticscostarica.com\/tiendamayorista\/wp-json\/wp\/v2\/types\/product"}],"wp:featuredmedia":[{"embeddable":true,"href":"https:\/\/janssencosmeticscostarica.com\/tiendamayorista\/wp-json\/wp\/v2\/media\/555"}],"wp:attachment":[{"href":"https:\/\/janssencosmeticscostarica.com\/tiendamayorista\/wp-json\/wp\/v2\/media?parent=554"}],"wp:term":[{"taxonomy":"product_brand","embeddable":true,"href":"https:\/\/janssencosmeticscostarica.com\/tiendamayorista\/wp-json\/wp\/v2\/product_brand?post=554"},{"taxonomy":"product_cat","embeddable":true,"href":"https:\/\/janssencosmeticscostarica.com\/tiendamayorista\/wp-json\/wp\/v2\/product_cat?post=554"},{"taxonomy":"product_tag","embeddable":true,"href":"https:\/\/janssencosmeticscostarica.com\/tiendamayorista\/wp-json\/wp\/v2\/product_tag?post=554"}],"curies":[{"name":"wp","href":"https:\/\/api.w.org\/{rel}","templated":true}]}}