{"id":552,"date":"2023-09-21T18:25:08","date_gmt":"2023-09-22T00:25:08","guid":{"rendered":"https:\/\/janssencosmeticscostarica.com\/tiendamayorista\/?post_type=product&#038;p=552"},"modified":"2023-09-21T18:25:08","modified_gmt":"2023-09-22T00:25:08","slug":"1100p-multi-action-cleansing-balm","status":"publish","type":"product","link":"https:\/\/janssencosmeticscostarica.com\/tiendamayorista\/product\/1100p-multi-action-cleansing-balm\/","title":{"rendered":"1100P Multi Action Cleansing Balm"},"content":{"rendered":"","protected":false},"excerpt":{"rendered":"<h5><strong>Suntuoso b\u00e1lsamo limpiador.<\/strong><\/h5>\n<p>Multi Action Cleansing Balm es un innovador limpiador facial para pieles maduras, cuya textura cambia durante la aplicaci\u00f3n. La textura de gel cremoso y delicado cambia al masajear el productor sobre la piel seca y se convierte en un aceite que, al enjuagarlo con agua, pasa a ser una emulsi\u00f3n lechosa. Elimina en profundidad y de forma delicada el maquillaje, las part\u00edculas de sebo y suciedad y, al mismo tiempo, garantiza el cuidado \u00f3ptimo de la piel. La f\u00f3rmula de perfume delicado con mantequilla de Murumuru, aceite de semillas de albaricoque y aceite de onagra refuerza la barrera d\u00e9rmica y evita que se reseque. El extracto de c\u00e9lulas madre de frambuesa + vitamina E tiene un efecto antioxidante. Apto adem\u00e1s para pieles muy sensibles.<\/p>\n<p>El resultado: la piel queda muy flexible y suave y est\u00e1 lista para el tratamiento posterior.<\/p>\n","protected":false},"featured_media":553,"template":"","meta":{"bgseo_title":"","bgseo_description":"","bgseo_robots_index":"index","bgseo_robots_follow":"follow"},"product_brand":[],"product_cat":[23],"product_tag":[],"class_list":{"0":"post-552","1":"product","2":"type-product","3":"status-publish","4":"has-post-thumbnail","6":"product_cat-pieles-maduras-linea-anti-edad","8":"first","9":"instock","10":"shipping-taxable","11":"product-type-simple"},"jetpack_sharing_enabled":true,"_links":{"self":[{"href":"https:\/\/janssencosmeticscostarica.com\/tiendamayorista\/wp-json\/wp\/v2\/product\/552","targetHints":{"allow":["GET"]}}],"collection":[{"href":"https:\/\/janssencosmeticscostarica.com\/tiendamayorista\/wp-json\/wp\/v2\/product"}],"about":[{"href":"https:\/\/janssencosmeticscostarica.com\/tiendamayorista\/wp-json\/wp\/v2\/types\/product"}],"wp:featuredmedia":[{"embeddable":true,"href":"https:\/\/janssencosmeticscostarica.com\/tiendamayorista\/wp-json\/wp\/v2\/media\/553"}],"wp:attachment":[{"href":"https:\/\/janssencosmeticscostarica.com\/tiendamayorista\/wp-json\/wp\/v2\/media?parent=552"}],"wp:term":[{"taxonomy":"product_brand","embeddable":true,"href":"https:\/\/janssencosmeticscostarica.com\/tiendamayorista\/wp-json\/wp\/v2\/product_brand?post=552"},{"taxonomy":"product_cat","embeddable":true,"href":"https:\/\/janssencosmeticscostarica.com\/tiendamayorista\/wp-json\/wp\/v2\/product_cat?post=552"},{"taxonomy":"product_tag","embeddable":true,"href":"https:\/\/janssencosmeticscostarica.com\/tiendamayorista\/wp-json\/wp\/v2\/product_tag?post=552"}],"curies":[{"name":"wp","href":"https:\/\/api.w.org\/{rel}","templated":true}]}}