{"id":547,"date":"2023-09-21T16:40:08","date_gmt":"2023-09-21T22:40:08","guid":{"rendered":"https:\/\/janssencosmeticscostarica.com\/tiendamayorista\/?post_type=product&#038;p=547"},"modified":"2023-09-21T16:40:09","modified_gmt":"2023-09-21T22:40:09","slug":"1101p-micellar-skin-tonic","status":"publish","type":"product","link":"https:\/\/janssencosmeticscostarica.com\/tiendamayorista\/product\/1101p-micellar-skin-tonic\/","title":{"rendered":"1101P Micellar Skin Tonic"},"content":{"rendered":"","protected":false},"excerpt":{"rendered":"<h5><strong>T\u00f3nico facial suave a base de micelas.<\/strong><\/h5>\n<p>Este producto facial sin alcohol a base de micelas resulta perfecto para las pieles maduras. Con ayuda de la tecnolog\u00eda miscelar se eliminan en profundidad y con suavidad los \u00faltimos restos del maquillaje y de los productos de limpieza.<\/p>\n<p>La tecnolog\u00eda miscelar es la propiedad de los productos limpiadores de envolver en forma de esferas las part\u00edculas de suciedad y de retirarlas suavemente de la piel. Al mismo tiempo, el sac\u00e1rido isomerato y los \u00e1cidos hialur\u00f3nicos de cadena larga aportan humedad a la piel.<\/p>\n<p>Micellar Skin Tonic concede a la piel madura una sensaci\u00f3n de bienestar, frescura y elasticidad. De esta forma la piel estar\u00e1 perfectamente preparada para el tratamiento posterior<\/p>\n","protected":false},"featured_media":548,"template":"","meta":{"bgseo_title":"","bgseo_description":"","bgseo_robots_index":"index","bgseo_robots_follow":"follow"},"product_brand":[],"product_cat":[23],"product_tag":[],"class_list":{"0":"post-547","1":"product","2":"type-product","3":"status-publish","4":"has-post-thumbnail","6":"product_cat-pieles-maduras-linea-anti-edad","8":"first","9":"instock","10":"shipping-taxable","11":"product-type-simple"},"jetpack_sharing_enabled":true,"_links":{"self":[{"href":"https:\/\/janssencosmeticscostarica.com\/tiendamayorista\/wp-json\/wp\/v2\/product\/547","targetHints":{"allow":["GET"]}}],"collection":[{"href":"https:\/\/janssencosmeticscostarica.com\/tiendamayorista\/wp-json\/wp\/v2\/product"}],"about":[{"href":"https:\/\/janssencosmeticscostarica.com\/tiendamayorista\/wp-json\/wp\/v2\/types\/product"}],"wp:featuredmedia":[{"embeddable":true,"href":"https:\/\/janssencosmeticscostarica.com\/tiendamayorista\/wp-json\/wp\/v2\/media\/548"}],"wp:attachment":[{"href":"https:\/\/janssencosmeticscostarica.com\/tiendamayorista\/wp-json\/wp\/v2\/media?parent=547"}],"wp:term":[{"taxonomy":"product_brand","embeddable":true,"href":"https:\/\/janssencosmeticscostarica.com\/tiendamayorista\/wp-json\/wp\/v2\/product_brand?post=547"},{"taxonomy":"product_cat","embeddable":true,"href":"https:\/\/janssencosmeticscostarica.com\/tiendamayorista\/wp-json\/wp\/v2\/product_cat?post=547"},{"taxonomy":"product_tag","embeddable":true,"href":"https:\/\/janssencosmeticscostarica.com\/tiendamayorista\/wp-json\/wp\/v2\/product_tag?post=547"}],"curies":[{"name":"wp","href":"https:\/\/api.w.org\/{rel}","templated":true}]}}