{"id":139,"date":"2020-07-25T21:11:01","date_gmt":"2020-07-26T03:11:01","guid":{"rendered":"https:\/\/janssencostarica.com\/tienda\/?post_type=product&#038;p=139"},"modified":"2020-07-27T14:11:15","modified_gmt":"2020-07-27T20:11:15","slug":"2600-caviar-luxury-cream","status":"publish","type":"product","link":"https:\/\/janssencosmeticscostarica.com\/tiendamayorista\/product\/2600-caviar-luxury-cream\/","title":{"rendered":"2600.  CAVIAR LUXURY CREAM"},"content":{"rendered":"","protected":false},"excerpt":{"rendered":"<p><strong>Crema anti-edad iluminadora.<\/strong><\/p>\n<p>Oro negro para la piel: un cuidado de lujo que aporta<br \/>\nun brillo extraordinario al cutis. El extracto antienvejecimiento<br \/>\na base de caviar logra que el rostro luzca<br \/>\nm\u00e1s joven, adem\u00e1s de aportarle volumen. Las l\u00edneas y<br \/>\narrugas se rellenan. Se intensifica y favorece la regeneraci\u00f3n<br \/>\nnatural de la piel.\u00a0 \u00a050ml.<\/p>\n<p>&nbsp;<\/p>\n<p>*Imagen \u00fanicamente con fines ilustrativos.<\/p>\n","protected":false},"featured_media":178,"template":"","meta":{"bgseo_title":"","bgseo_description":"","bgseo_robots_index":"","bgseo_robots_follow":""},"product_brand":[],"product_cat":[24],"product_tag":[],"class_list":{"0":"post-139","1":"product","2":"type-product","3":"status-publish","4":"has-post-thumbnail","6":"product_cat-todo-tipo-de-piel","8":"first","9":"instock","10":"shipping-taxable","11":"product-type-simple"},"jetpack_sharing_enabled":true,"_links":{"self":[{"href":"https:\/\/janssencosmeticscostarica.com\/tiendamayorista\/wp-json\/wp\/v2\/product\/139","targetHints":{"allow":["GET"]}}],"collection":[{"href":"https:\/\/janssencosmeticscostarica.com\/tiendamayorista\/wp-json\/wp\/v2\/product"}],"about":[{"href":"https:\/\/janssencosmeticscostarica.com\/tiendamayorista\/wp-json\/wp\/v2\/types\/product"}],"wp:featuredmedia":[{"embeddable":true,"href":"https:\/\/janssencosmeticscostarica.com\/tiendamayorista\/wp-json\/wp\/v2\/media\/178"}],"wp:attachment":[{"href":"https:\/\/janssencosmeticscostarica.com\/tiendamayorista\/wp-json\/wp\/v2\/media?parent=139"}],"wp:term":[{"taxonomy":"product_brand","embeddable":true,"href":"https:\/\/janssencosmeticscostarica.com\/tiendamayorista\/wp-json\/wp\/v2\/product_brand?post=139"},{"taxonomy":"product_cat","embeddable":true,"href":"https:\/\/janssencosmeticscostarica.com\/tiendamayorista\/wp-json\/wp\/v2\/product_cat?post=139"},{"taxonomy":"product_tag","embeddable":true,"href":"https:\/\/janssencosmeticscostarica.com\/tiendamayorista\/wp-json\/wp\/v2\/product_tag?post=139"}],"curies":[{"name":"wp","href":"https:\/\/api.w.org\/{rel}","templated":true}]}}